{"id":13,"date":"2026-02-02T23:38:41","date_gmt":"2026-02-02T23:38:41","guid":{"rendered":"https:\/\/arelmakine.com\/?page_id=13"},"modified":"2026-02-03T00:10:59","modified_gmt":"2026-02-03T00:10:59","slug":"home","status":"publish","type":"page","link":"https:\/\/arelmakine.com\/","title":{"rendered":"Ana Sayfa"},"content":{"rendered":"\n<div class=\"wp-block-columns is-layout-flex wp-container-core-columns-is-layout-79832dff wp-block-columns-is-layout-flex\" style=\"margin-bottom:var(--wp--preset--spacing--60)\">\n<div class=\"wp-block-column is-layout-flow wp-block-column-is-layout-flow\">\n<figure class=\"wp-block-image size-full is-resized\"><img fetchpriority=\"high\" decoding=\"async\" width=\"1920\" height=\"2560\" src=\"https:\/\/arelmakine.com\/wp-content\/uploads\/2026\/02\/WhatsApp-Image-2025-10-08-at-16.44.34-4-1-scaled.jpeg\" alt=\"\" class=\"wp-image-48\" style=\"aspect-ratio:0.7499891394065772;width:157px;height:auto\" srcset=\"https:\/\/arelmakine.com\/wp-content\/uploads\/2026\/02\/WhatsApp-Image-2025-10-08-at-16.44.34-4-1-scaled.jpeg 1920w, https:\/\/arelmakine.com\/wp-content\/uploads\/2026\/02\/WhatsApp-Image-2025-10-08-at-16.44.34-4-1-225x300.jpeg 225w, https:\/\/arelmakine.com\/wp-content\/uploads\/2026\/02\/WhatsApp-Image-2025-10-08-at-16.44.34-4-1-768x1024.jpeg 768w, https:\/\/arelmakine.com\/wp-content\/uploads\/2026\/02\/WhatsApp-Image-2025-10-08-at-16.44.34-4-1-1152x1536.jpeg 1152w, https:\/\/arelmakine.com\/wp-content\/uploads\/2026\/02\/WhatsApp-Image-2025-10-08-at-16.44.34-4-1-1536x2048.jpeg 1536w\" sizes=\"(max-width: 1920px) 100vw, 1920px\" \/><\/figure>\n\n\n\n<h5 class=\"wp-block-heading\" id=\"vk-blocks\" style=\"margin-top:1.5rem;margin-bottom:1rem\">\u00c7ekvalf \u00dcretim ve Test Makinesi<\/h5>\n\n\n\n<p>Ara\u00e7lar\u0131n silecek su motorlar\u0131n\u0131n \u00e7\u0131k\u0131\u015f k\u0131s\u0131mlar\u0131nda bulunan \u00e7ekvalfin \u00fcretimini, s\u0131zd\u0131rmazl\u0131k kontrol\u00fcn\u00fc, ters bas\u0131n\u00e7 ve ak\u0131\u015f kontrollerini sa\u011flamaktad\u0131r.<\/p>\n\n\n\n<div class=\"wp-block-buttons is-layout-flex wp-block-buttons-is-layout-flex\">\n<div class=\"wp-block-button is-style-outline is-style-outline--1\"><a class=\"wp-block-button__link has-small-font-size has-custom-font-size wp-element-button\" href=\"\" style=\"border-radius:0px;padding-top:0.5em;padding-right:1em;padding-bottom:0.5em;padding-left:1em\"><strong>Daha Fazlas\u0131...<\/strong><\/a><\/div>\n<\/div>\n<\/div>\n\n\n\n<div class=\"wp-block-column is-layout-flow wp-block-column-is-layout-flow\">\n<figure class=\"wp-block-image size-full is-resized\"><img decoding=\"async\" width=\"1183\" height=\"2560\" src=\"https:\/\/arelmakine.com\/wp-content\/uploads\/2026\/02\/WhatsApp-Image-2025-10-08-at-16.44.34-1-1-scaled.jpeg\" alt=\"\" class=\"wp-image-49\" style=\"aspect-ratio:0.4619872086488801;width:99px;height:auto\" srcset=\"https:\/\/arelmakine.com\/wp-content\/uploads\/2026\/02\/WhatsApp-Image-2025-10-08-at-16.44.34-1-1-scaled.jpeg 1183w, https:\/\/arelmakine.com\/wp-content\/uploads\/2026\/02\/WhatsApp-Image-2025-10-08-at-16.44.34-1-1-139x300.jpeg 139w, https:\/\/arelmakine.com\/wp-content\/uploads\/2026\/02\/WhatsApp-Image-2025-10-08-at-16.44.34-1-1-473x1024.jpeg 473w, https:\/\/arelmakine.com\/wp-content\/uploads\/2026\/02\/WhatsApp-Image-2025-10-08-at-16.44.34-1-1-768x1662.jpeg 768w, https:\/\/arelmakine.com\/wp-content\/uploads\/2026\/02\/WhatsApp-Image-2025-10-08-at-16.44.34-1-1-710x1536.jpeg 710w, https:\/\/arelmakine.com\/wp-content\/uploads\/2026\/02\/WhatsApp-Image-2025-10-08-at-16.44.34-1-1-946x2048.jpeg 946w\" sizes=\"(max-width: 1183px) 100vw, 1183px\" \/><\/figure>\n\n\n\n<h5 class=\"wp-block-heading\" id=\"vk-blocks\" style=\"margin-top:1.5rem;margin-bottom:1rem\">Ultrasonic Kaynak Makinesi<\/h5>\n\n\n\n<p>Ara\u00e7 izolasyon hal\u0131s\u0131 \u00fczerinde yap\u0131lmas\u0131 istenen UV kaynak operasyonu i\u00e7in \u00fcretilmi\u015ftir. Kaynak i\u015flemi sonras\u0131, kaynak kontrol\u00fc sa\u011flamaktad\u0131r.<\/p>\n\n\n\n<div class=\"wp-block-buttons is-layout-flex wp-block-buttons-is-layout-flex\">\n<div class=\"wp-block-button is-style-outline is-style-outline--2\"><a class=\"wp-block-button__link has-small-font-size has-custom-font-size wp-element-button\" href=\"\" style=\"border-radius:0px;padding-top:0.5em;padding-right:1em;padding-bottom:0.5em;padding-left:1em\"><strong>Daha Fazlas\u0131...<\/strong><\/a><\/div>\n<\/div>\n<\/div>\n\n\n\n<div class=\"wp-block-column is-layout-flow wp-block-column-is-layout-flow\">\n<figure class=\"wp-block-image size-full is-resized\"><img decoding=\"async\" width=\"1536\" height=\"2048\" src=\"https:\/\/arelmakine.com\/wp-content\/uploads\/2026\/02\/WhatsApp-Image-2025-10-08-at-16.44.34-7-1.jpeg\" alt=\"\" class=\"wp-image-50\" style=\"aspect-ratio:0.7499891394065772;width:164px;height:auto\" srcset=\"https:\/\/arelmakine.com\/wp-content\/uploads\/2026\/02\/WhatsApp-Image-2025-10-08-at-16.44.34-7-1.jpeg 1536w, https:\/\/arelmakine.com\/wp-content\/uploads\/2026\/02\/WhatsApp-Image-2025-10-08-at-16.44.34-7-1-225x300.jpeg 225w, https:\/\/arelmakine.com\/wp-content\/uploads\/2026\/02\/WhatsApp-Image-2025-10-08-at-16.44.34-7-1-768x1024.jpeg 768w, https:\/\/arelmakine.com\/wp-content\/uploads\/2026\/02\/WhatsApp-Image-2025-10-08-at-16.44.34-7-1-1152x1536.jpeg 1152w\" sizes=\"(max-width: 1536px) 100vw, 1536px\" \/><\/figure>\n\n\n\n<h5 class=\"wp-block-heading\" id=\"vk-blocks\" style=\"margin-top:1.5rem;margin-bottom:1rem\">Yolluk Ay\u0131rma Fikst\u00fcr\u00fc\/Robot Entegre<\/h5>\n\n\n\n<p>Enjeksiyon kal\u0131b\u0131ndan \u00e7\u0131kan \u00fcr\u00fcnler, robot ile fikst\u00fcr i\u00e7erisine getirilir. Ard\u0131ndan yolluklar yolluk numaralar\u0131na g\u00f6re ayr\u0131 paketlere at\u0131l\u0131r. \u0130nsans\u0131z \u00e7al\u0131\u015fmaktad\u0131r.<\/p>\n\n\n\n<div class=\"wp-block-buttons is-layout-flex wp-block-buttons-is-layout-flex\">\n<div class=\"wp-block-button is-style-outline is-style-outline--3\"><a class=\"wp-block-button__link has-small-font-size has-custom-font-size wp-element-button\" href=\"\" style=\"border-radius:0px;padding-top:0.5em;padding-right:1em;padding-bottom:0.5em;padding-left:1em\"><strong>Daha Fazlas\u0131...<\/strong><\/a><\/div>\n<\/div>\n<\/div>\n\n\n\n<div class=\"wp-block-column is-layout-flow wp-block-column-is-layout-flow\">\n<figure class=\"wp-block-image size-full\"><img loading=\"lazy\" decoding=\"async\" width=\"1479\" height=\"906\" src=\"https:\/\/arelmakine.com\/wp-content\/uploads\/2026\/02\/WhatsApp-Image-2026-02-03-at-02.25.44.jpeg\" alt=\"\" class=\"wp-image-51\" srcset=\"https:\/\/arelmakine.com\/wp-content\/uploads\/2026\/02\/WhatsApp-Image-2026-02-03-at-02.25.44.jpeg 1479w, https:\/\/arelmakine.com\/wp-content\/uploads\/2026\/02\/WhatsApp-Image-2026-02-03-at-02.25.44-300x184.jpeg 300w, https:\/\/arelmakine.com\/wp-content\/uploads\/2026\/02\/WhatsApp-Image-2026-02-03-at-02.25.44-1024x627.jpeg 1024w, https:\/\/arelmakine.com\/wp-content\/uploads\/2026\/02\/WhatsApp-Image-2026-02-03-at-02.25.44-768x470.jpeg 768w\" sizes=\"(max-width: 1479px) 100vw, 1479px\" \/><\/figure>\n\n\n\n<h5 class=\"wp-block-heading\" id=\"vk-blocks\" style=\"margin-top:1.5rem;margin-bottom:1rem\">Klips \u00c7akma ve Kontrol Ekipman\u0131<\/h5>\n\n\n\n<p>Ara\u00e7 tavan hal\u0131s\u0131 \u00fczerine klips montaj\u0131 ve montaj kontrolleri yapmak i\u00e7in \u00fcretilmi\u015ftir. Klipsler ekipman \u00fczerinde \u00e7ak\u0131larak, konum ve \u00e7akma kontrolleri sa\u011flanmaktad\u0131r.<\/p>\n\n\n\n<div class=\"wp-block-buttons is-layout-flex wp-block-buttons-is-layout-flex\">\n<div class=\"wp-block-button is-style-fill\"><a class=\"wp-block-button__link has-small-font-size has-custom-font-size wp-element-button\" href=\"\" style=\"border-radius:0px;padding-top:0.5em;padding-right:1em;padding-bottom:0.5em;padding-left:1em\"><strong>Daha Fazlas\u0131...<\/strong><\/a><\/div>\n<\/div>\n<\/div>\n<\/div>\n\n\n\n<div class=\"wp-block-cover alignfull is-light\" style=\"padding-top:var(--wp--preset--spacing--60);padding-bottom:var(--wp--preset--spacing--60);min-height:250px;aspect-ratio:unset;\"><span aria-hidden=\"true\" class=\"wp-block-cover__background has-background-dim-100 has-background-dim\" style=\"background-color:#f3f3f3\"><\/span><div class=\"wp-block-cover__inner-container is-layout-flow wp-block-cover-is-layout-flow\">\n<div class=\"wp-block-columns are-vertically-aligned-center is-layout-flex wp-container-core-columns-is-layout-cbe57604 wp-block-columns-is-layout-flex\">\n<div class=\"wp-block-column is-vertically-aligned-center is-layout-flow wp-block-column-is-layout-flow\" style=\"flex-basis:33.33%\">\n<figure class=\"wp-block-image aligncenter size-large is-resized\"><img loading=\"lazy\" decoding=\"async\" width=\"1024\" height=\"939\" src=\"https:\/\/arelmakine.com\/wp-content\/uploads\/2026\/02\/arel-makine-1-1024x939.png\" alt=\"\" class=\"wp-image-42\" style=\"aspect-ratio:1.0905692926969524;width:245px;height:auto\" srcset=\"https:\/\/arelmakine.com\/wp-content\/uploads\/2026\/02\/arel-makine-1-1024x939.png 1024w, https:\/\/arelmakine.com\/wp-content\/uploads\/2026\/02\/arel-makine-1-300x275.png 300w, https:\/\/arelmakine.com\/wp-content\/uploads\/2026\/02\/arel-makine-1-768x704.png 768w, https:\/\/arelmakine.com\/wp-content\/uploads\/2026\/02\/arel-makine-1.png 1030w\" sizes=\"(max-width: 1024px) 100vw, 1024px\" \/><\/figure>\n<\/div>\n\n\n\n<div class=\"wp-block-column is-vertically-aligned-center is-layout-flow wp-block-column-is-layout-flow\" style=\"flex-basis:66.66%\">\n<h4 class=\"wp-block-heading has-black-color has-text-color\">Kontrol Sizde<\/h4>\n\n\n\n<p><strong>Bir \u00e7ok farkl\u0131 otomasyon \u00fcr\u00fcn gurubu ile \u00fcretimlerimizde \u00e7e\u015fitlili\u011fimizi artt\u0131r\u0131rken, m\u00fc\u015fterilerimize \u00f6zel \u00e7\u00f6z\u00fcmler sunmaya devam ediyoruz. Kolay kullan\u0131ma sahip ara y\u00fczler, g\u00fcncel ve mod\u00fcler yap\u0131ya sahip dizayn ile her makinede kontrol sizde.<\/strong><\/p>\n<\/div>\n<\/div>\n<\/div><\/div>\n\n\n\n<div style=\"height:60px\" aria-hidden=\"true\" class=\"wp-block-spacer\"><\/div>\n\n\n\n<h2 class=\"wp-block-heading\"><\/h2>\n\n\n\n<p><\/p>\n","protected":false},"excerpt":{"rendered":"<p>\u00c7ekvalf \u00dcretim ve Test Makinesi Ara\u00e7lar\u0131n silecek su motorlar\u0131n\u0131n \u00e7\u0131k\u0131\u015f k\u0131s\u0131mlar\u0131nda bulunan \u00e7ekvalfin \u00fcretimini, s\u0131zd\u0131rmazl\u0131k kontrol\u00fcn\u00fc, ters bas\u0131n\u00e7 ve ak\u0131\u015f kontrollerini sa\u011flamaktad\u0131r. Ultrasonic Kaynak Makinesi Ara\u00e7 izolasyon hal\u0131s\u0131 \u00fczerinde yap\u0131lmas\u0131 istenen UV kaynak operasyonu i\u00e7in \u00fcretilmi\u015ftir. Kaynak i\u015flemi sonras\u0131, kaynak kontrol\u00fc sa\u011flamaktad\u0131r. Yolluk Ay\u0131rma Fikst\u00fcr\u00fc\/Robot Entegre Enjeksiyon kal\u0131b\u0131ndan \u00e7\u0131kan \u00fcr\u00fcnler, robot ile fikst\u00fcr i\u00e7erisine getirilir. [&hellip;]<\/p>\n","protected":false},"author":1,"featured_media":0,"parent":0,"menu_order":0,"comment_status":"closed","ping_status":"closed","template":"","meta":{"footnotes":""},"class_list":["post-13","page","type-page","status-publish","hentry"],"_links":{"self":[{"href":"https:\/\/arelmakine.com\/index.php?rest_route=\/wp\/v2\/pages\/13","targetHints":{"allow":["GET"]}}],"collection":[{"href":"https:\/\/arelmakine.com\/index.php?rest_route=\/wp\/v2\/pages"}],"about":[{"href":"https:\/\/arelmakine.com\/index.php?rest_route=\/wp\/v2\/types\/page"}],"author":[{"embeddable":true,"href":"https:\/\/arelmakine.com\/index.php?rest_route=\/wp\/v2\/users\/1"}],"replies":[{"embeddable":true,"href":"https:\/\/arelmakine.com\/index.php?rest_route=%2Fwp%2Fv2%2Fcomments&post=13"}],"version-history":[{"count":7,"href":"https:\/\/arelmakine.com\/index.php?rest_route=\/wp\/v2\/pages\/13\/revisions"}],"predecessor-version":[{"id":57,"href":"https:\/\/arelmakine.com\/index.php?rest_route=\/wp\/v2\/pages\/13\/revisions\/57"}],"wp:attachment":[{"href":"https:\/\/arelmakine.com\/index.php?rest_route=%2Fwp%2Fv2%2Fmedia&parent=13"}],"curies":[{"name":"wp","href":"https:\/\/api.w.org\/{rel}","templated":true}]}}