{"id":14,"date":"2026-02-02T23:38:41","date_gmt":"2026-02-02T23:38:41","guid":{"rendered":"https:\/\/arelmakine.com\/?page_id=14"},"modified":"2026-02-03T00:21:00","modified_gmt":"2026-02-03T00:21:00","slug":"hakkimizda","status":"publish","type":"page","link":"https:\/\/arelmakine.com\/?page_id=14","title":{"rendered":"Hakk\u0131m\u0131zda"},"content":{"rendered":"\n<p><strong>Arel Makine, 2023 Y\u0131l\u0131nda Kocaeli b\u00f6lgesinde faaliyete ge\u00e7en, \u00f6zel makine imalat\u0131 ve end\u00fcstriyel \u00e7\u00f6z\u00fcmler firmas\u0131d\u0131r. Otomotiv sekt\u00f6r\u00fc ba\u015fta olmak \u00fczere, g\u0131da, tekstil, geri d\u00f6n\u00fc\u015f\u00fcm, ta\u015f\u0131mac\u0131l\u0131k ve depolama sistemleri gibi bir\u00e7ok farkl\u0131 sekt\u00f6rde ve alanda hizmetler sa\u011flamaktad\u0131r.<\/strong><\/p>\n\n\n\n<p><strong>Ba\u015fl\u0131ca Faaliyet Alanlar\u0131m\u0131z;<\/strong><\/p>\n\n\n\n<p><strong>Otomasyonlu Makine imalat\u0131<\/strong><\/p>\n\n\n\n<p><strong>Test ve Kalite Kontrol Makineleri<\/strong><\/p>\n\n\n\n<p><strong>S\u0131zd\u0131rmazl\u0131k Ekipmanlar\u0131<\/strong><\/p>\n\n\n\n<p><strong>Kamera Kontrol Sistemleri<\/strong><\/p>\n\n\n\n<p><strong>Mekanik ve Otomasyon yaz\u0131l\u0131m , pano revizyonlar\u0131<\/strong><\/p>\n\n\n\n<p><strong>Konvey\u00f6r Bant Sistemler<\/strong>i<\/p>\n\n\n\n<p><strong>Depolama ve istifleme \u00e7\u00f6z\u00fcmleri<\/strong><\/p>\n\n\n\n<p><strong>V.b \u00d6zel \u00c7\u00f6z\u00fcmler<\/strong><\/p>\n\n\n\n<p><\/p>\n","protected":false},"excerpt":{"rendered":"<p>Arel Makine, 2023 Y\u0131l\u0131nda Kocaeli b\u00f6lgesinde faaliyete ge\u00e7en, \u00f6zel makine imalat\u0131 ve end\u00fcstriyel \u00e7\u00f6z\u00fcmler firmas\u0131d\u0131r. Otomotiv sekt\u00f6r\u00fc ba\u015fta olmak \u00fczere, g\u0131da, tekstil, geri d\u00f6n\u00fc\u015f\u00fcm, ta\u015f\u0131mac\u0131l\u0131k ve depolama sistemleri gibi bir\u00e7ok farkl\u0131 sekt\u00f6rde ve alanda hizmetler sa\u011flamaktad\u0131r. Ba\u015fl\u0131ca Faaliyet Alanlar\u0131m\u0131z; Otomasyonlu Makine imalat\u0131 Test ve Kalite Kontrol Makineleri S\u0131zd\u0131rmazl\u0131k Ekipmanlar\u0131 Kamera Kontrol Sistemleri Mekanik ve Otomasyon [&hellip;]<\/p>\n","protected":false},"author":1,"featured_media":0,"parent":0,"menu_order":0,"comment_status":"closed","ping_status":"closed","template":"","meta":{"footnotes":""},"class_list":["post-14","page","type-page","status-publish","hentry"],"_links":{"self":[{"href":"https:\/\/arelmakine.com\/index.php?rest_route=\/wp\/v2\/pages\/14","targetHints":{"allow":["GET"]}}],"collection":[{"href":"https:\/\/arelmakine.com\/index.php?rest_route=\/wp\/v2\/pages"}],"about":[{"href":"https:\/\/arelmakine.com\/index.php?rest_route=\/wp\/v2\/types\/page"}],"author":[{"embeddable":true,"href":"https:\/\/arelmakine.com\/index.php?rest_route=\/wp\/v2\/users\/1"}],"replies":[{"embeddable":true,"href":"https:\/\/arelmakine.com\/index.php?rest_route=%2Fwp%2Fv2%2Fcomments&post=14"}],"version-history":[{"count":2,"href":"https:\/\/arelmakine.com\/index.php?rest_route=\/wp\/v2\/pages\/14\/revisions"}],"predecessor-version":[{"id":62,"href":"https:\/\/arelmakine.com\/index.php?rest_route=\/wp\/v2\/pages\/14\/revisions\/62"}],"wp:attachment":[{"href":"https:\/\/arelmakine.com\/index.php?rest_route=%2Fwp%2Fv2%2Fmedia&parent=14"}],"curies":[{"name":"wp","href":"https:\/\/api.w.org\/{rel}","templated":true}]}}